{"id":5125,"date":"2018-08-03T20:09:56","date_gmt":"2018-08-03T20:09:56","guid":{"rendered":"http:\/\/lpc-old.majortom.dev\/?page_id=5125"},"modified":"2018-11-27T00:14:25","modified_gmt":"2018-11-27T00:14:25","slug":"conditions","status":"publish","type":"page","link":"https:\/\/lpc-old.majortom.dev\/fr\/conditions\/","title":{"rendered":"Conditions"},"content":{"rendered":"<h1 class=\"font--header1\">Conditions et Confidentialit\u00e9<\/h1>\n<p>Cette politique de confidentialit\u00e9 a \u00e9t\u00e9 compil\u00e9e afin de rassurer les gens qui sont inquiets de la fa\u00e7on dont leurs informations d\u2019identifications personnelles sont utilis\u00e9es en ligne. Les informations d\u2019identification personnelles sont utilis\u00e9es aux \u00c9tats-Unis dans les lois concernant la protection de la confidentialit\u00e9 de l\u2019information. Ces informations seules ou combin\u00e9es \u00e0 d\u2019autres donn\u00e9es permettent d\u2019identifier les utilisateurs, de pouvoir les contacter ou de les localiser. Veuillez lire attentivement nos politiques de confidentialit\u00e9 afin d\u2019avoir une bonne compr\u00e9hension de la fa\u00e7on dont nous recueillons, utilisons, prot\u00e9geons et g\u00e9rons vos informations d\u2019identifications personnelles relatives \u00e0 notre site internet.<\/p>\n<p><strong>Quelles informations personnelles recueillons-nous des gens qui visitent notre blogue, notre site internet ou nos applications?<\/strong><\/p>\n<p>Lorsque vous vous enregistrez sur notre site, vous serez probablement demand\u00e9 d\u2019inscrire votre nom, votre adresse courriel, votre num\u00e9ro de t\u00e9l\u00e9phone, votre pays ou tout autre d\u00e9tail afin de rendre votre exp\u00e9rience agr\u00e9able.<\/p>\n<p><strong>Quand recueillons-nous des informations?<\/strong><\/p>\n<p>Nous recueillons vos informations lorsque vous vous inscrivez \u00e0 notre bulletin de nouvelles, que vous remplissiez un formulaire pour nous soumettre une recette ou toutes autres informations que vous aurez inscrites sur notre site internet.<\/p>\n<p><strong>Comment utilisons-nous vos informations?<\/strong><\/p>\n<p>Les informations recueillies lors de l\u2019inscription \u00e0 notre bulletin de Nouvelles, lors de vos r\u00e9ponses \u00e0 des sondages ou communications de mise en march\u00e9, lorsque vous naviguez sur notre site internet, ou que vous utilisez d\u2019autres options de notre site. Ces informations peuvent \u00eatre utilis\u00e9es pour les raisons suivantes\u00a0:<\/p>\n<ul>\n<li>Afin de g\u00e9rer un concours, une promotion, un sondage ou toute autre option du site.<\/li>\n<li>Afin d\u2019envoyer des courriels p\u00e9riodiques concernant vos commandes ou autres produits ou services.<\/li>\n<\/ul>\n<p><strong>Comment prot\u00e9geons-nous les informations des visiteurs?<\/strong><\/p>\n<p>Notre site internet est balay\u00e9 sur une base r\u00e9guli\u00e8re afin de d\u00e9tecter la pr\u00e9sence de trou de s\u00e9curit\u00e9 et toutes vuln\u00e9rabilit\u00e9s existantes afin de faire en sorte que votre visite sur notre site internet soit faite en toute s\u00e9curit\u00e9.<\/p>\n<p>Nous utilisons Malware scanner standard.<\/p>\n<p>Vos informations personnelles sont maintenues sur des r\u00e9seaux s\u00e9curis\u00e9s et qui ne sont accessibles que par un nombre limit\u00e9 de personnes qui ont des droits d\u2019acc\u00e8s sp\u00e9ciaux sur de tels syst\u00e8mes et sont tenus de garder ces informations confidentielles. Nous avons recours \u00e0 une technologie appel\u00e9e SSL (<em>Secure Socket Layer<\/em>) afin de crypter toutes informations de nature d\u00e9licate ou de cr\u00e9dit que vous soumettrez.<\/p>\n<p>Nous mettons en \u0153uvre une multitude de mesures de s\u00e9curit\u00e9 lorsqu\u2019un usager inscrit ou soumet des informations personnelles ou encore, acc\u00e8de \u00e0 ces informations, et ce dans le but de maintenir la s\u00e9curit\u00e9 de vos informations personnelles.<\/p>\n<p>Toutes les transactions sont trait\u00e9es au travers d\u2019un fournisseur de passerelle de paiement et ne sont pas conserv\u00e9es ou trait\u00e9es sur nos serveurs.<\/p>\n<p><strong>Utilisons-nous des t\u00e9moins (<em>cookie<\/em>)?<\/strong><\/p>\n<p>Oui. Les t\u00e9moins sont de petites fili\u00e8res, qu\u2019un site ou un fournisseur de services transf\u00e8re sur le disque dur de votre ordinateur, et ce \u00e0 travers votre navigateur internet (si vous l\u2019autorisez), ceci permettra au syst\u00e8me du site ou du fournisseur de services de reconna\u00eetre votre navigateur et ainsi capturer et se souvenir de certaines informations. Ils sont aussi utilis\u00e9s afin de nous aider \u00e0 mieux comprendre vos pr\u00e9f\u00e9rences bas\u00e9es sur les activit\u00e9s courantes ou ant\u00e9rieures sur le site, ceci nous permettra d\u2019am\u00e9liorer nos services. Nous utilisons \u00e9galement les t\u00e9moins afin de nous aider \u00e0 compiler toutes les donn\u00e9es concernant les affluences et les interactions sur notre site afin que l\u2019on puisse vous offrir de meilleures exp\u00e9riences ainsi que des outils dans le futur.<\/p>\n<p><strong>Nous utilisons des t\u00e9moins pour\u00a0:<\/strong><\/p>\n<ul>\n<li>Compiler toutes les donn\u00e9es concernant les affluences et les interactions sur un site afin d\u2019offrir une meilleure exp\u00e9rience ainsi que des outils utiles pour le futur. Nous pouvons \u00e9galement utiliser les services d\u2019une tierce partie de confiance de faire le suivi de ces informations pour nous.<\/li>\n<\/ul>\n<p>Vous pouvez choisir que votre ordinateur vous avise chaque fois qu\u2019un t\u00e9moin est envoy\u00e9 ou encore, vous pouvez emp\u00eacher qu\u2019aucun t\u00e9moin n\u2019entre sur votre disque dur. Vous faites cela \u00e0 partir des r\u00e9glages de votre navigateur (comme Internet\u00a0<em>Explorer<\/em>). Chacun des navigateurs est un peu diff\u00e9rent l\u2019un de l\u2019autre, alors parcourez la rubrique Aide de votre navigateur afin de conna\u00eetre la meilleure fa\u00e7on de traiter les t\u00e9moins.<\/p>\n<p>Si vous d\u00e9sactivez les t\u00e9moins, certaines fonctionnalit\u00e9s seront \u00e9galement d\u00e9sactiv\u00e9es. Ceci n\u2019affectera en rien votre exp\u00e9rience sur le site, mais il se pourrait que quelques-uns de nos services ne fonctionnent pas correctement.<\/p>\n<p>Vous pouvez par contre quand m\u00eame passer des commandes.<br \/>\n<strong>Divulgations des informations<\/strong><\/p>\n<p>Nous ne vendons pas, n\u2019\u00e9changeons pas ou ne transf\u00e9rons pas vos informations personnelles qui permettraient de vous identifier \u00e0 moins que nous ne vous avisions. Ceci n\u2019inclut pas les partenaires sur notre site internet qui nous aident \u00e0 exploiter notre site, \u00e0 g\u00e9rer nos travaux ou ceux qui offrent des services. Pourvu que ces partenaires acceptent de garder ces informations confidentielles. Nous pouvons \u00e9galement divulguer vos informations si nous croyons qu\u2019il est appropri\u00e9 de respecter les lois, de renforcer nos politiques d\u2019utilisation de notre site ou de prot\u00e9ger nos lois ou ceux des autres, propri\u00e9t\u00e9 ou s\u00e9curit\u00e9.<br \/>\nToutefois, lorsque vous visitez notre site, les informations qui ne permettent pas de vous identifier peuvent \u00eatre transmises \u00e0 d\u2019autres intervenants pour des fins de mise en march\u00e9, publicit\u00e9 ou autres utilisations.<\/p>\n<p><strong>Liens avec des tiers<\/strong><\/p>\n<p>Occasionnellement, \u00e0 notre discr\u00e9tion, nous pouvons inclure ou offrir des produits ou services sur notre site internet en provenance de tiers. Les sites internet de ces tiers ont des politiques de confidentialit\u00e9 s\u00e9par\u00e9es et diff\u00e9rentes des n\u00f4tres. Nous ne sommes aucunement responsables des politiques, du contenu ou des pratiques de ces tiers. Toutefois, d\u00e9sirant constamment prot\u00e9gez l\u2019int\u00e9grit\u00e9 de notre site, sachez que vos commentaires sur ces sites sont les bienvenus.<\/p>\n<p><strong>\u00a0<\/strong><strong>Google<\/strong><\/p>\n<p>Les exigences de publicit\u00e9 sur Google peuvent se r\u00e9sumer par les r\u00e8gles en mati\u00e8re de publicit\u00e9s de Google. Elles sont mises en place afin d\u2019offrir une exp\u00e9rience positive \u00e0 l\u2019utilisateur.<\/p>\n<p>https:\/\/support.google.com\/adwordspolicy\/answer\/1316548?hl=en<\/p>\n<p>Nous utilisons Google\u00a0<em>AdSense<\/em>\u00a0 sur notre site internet.<\/p>\n<p>Google, en tant qu\u2019un tiers fournisseur, utilise des t\u00e9moins afin de permettre la publicit\u00e9 sur notre site internet. L\u2019utilisation de t\u00e9moins\u00a0<em>DART<\/em>sur Google leur permet d\u2019offrir de la publicit\u00e9 \u00e0 nos utilisateurs bas\u00e9e sur leur visite sur notre site internet ou d\u2019autres. Les utilisateurs peuvent choisir de d\u00e9sactiver les t\u00e9moins\u00a0<em>DART<\/em>\u00a0en consultant la rubrique\u00a0\u00abd\u00e9sactiver la diffusion d\u2019annonces cibl\u00e9es\u00bb sur le site de Google.<\/p>\n<p><strong>Nous avons mis ce qui suit en \u0153uvre\u00a0:<\/strong><\/p>\n<ul>\n<li>Cr\u00e9ation de rapports relatifs aux impressions sur le R\u00e9seau\u00a0Display de Google<\/li>\n<\/ul>\n<p>Little Potato ainsi que les tiers fournisseurs comme Google, utilisent les t\u00e9moins internes (comme Google\u00a0<em>Analytics<\/em>) et des t\u00e9moins de tiers (comme le double clic) ou autres identificateurs de tiers afin de g\u00e9n\u00e9rer des rapports sur les interactions et impressions des publicit\u00e9s des utilisateurs ainsi que d\u2019autres fonctionnalit\u00e9s reli\u00e9es \u00e0 notre site internet.<\/p>\n<p>D\u00e9sactiver\u00a0:<br \/>\nPour savoir comment Google vous affiche les publicit\u00e9s et ainsi d\u00e9finir vos pr\u00e9f\u00e9rences referez-vous \u00e0 la page des pr\u00e9f\u00e9rences de Google publicit\u00e9. Alternativement, vous pouvez d\u00e9sactiver cette fonction en visitant la page \u00abd\u00e9sactiver la diffusion d\u2019annonces cibl\u00e9es\u00bb ou en utilisant en permanence le Module compl\u00e9mentaire de navigateur pour la d\u00e9sactivation de Google.<\/p>\n<p>&nbsp;<\/p>\n<p><strong>La loi sur la protection des renseignements en ligne en Californie.<\/strong><\/p>\n<p>CalOPPA est la premi\u00e8re loi de l\u2019\u00c9tat dans la nation \u00e0 exiger des sites internet commerciaux et services en ligne d\u2019afficher une politique de protection sur la vie priv\u00e9e. La port\u00e9e de la loi va bien au-del\u00e0 de la Californie d\u2019exiger que toute personne ou entit\u00e9 des \u00c9tats-Unis (et convenablement le monde entier) qui exploite un site internet et qui recueille des informations personnellement identifiables d\u2019un consommateur r\u00e9sidant en Californie, doit ostensiblement afficher une politique de confidentialit\u00e9 sur leur site internet stipulant exactement les informations qui seront recueillies et d\u2019identifier \u00e0 qui ces informations seront partag\u00e9es et se conformer \u00e0 cette politique.<\/p>\n<p>\u2013 Pour en conna\u00eetre davantage, visitez\u00a0:\u00a0<a href=\"http:\/\/consumercal.org\/california-online-privacy-protection-act-caloppa\/#sthash.0FdRbT51.dpuf\">http:\/\/consumercal.org\/california-online-privacy-protection-act-caloppa\/#sthash.0FdRbT51.dpuf<\/a><\/p>\n<p>&nbsp;<\/p>\n<p><strong>Selon CalOPPA nous acceptons le suivant\u00a0:<\/strong><\/p>\n<p>Nos utilisateurs peuvent visiter notre site anonymement.<\/p>\n<p>Une fois que la Politique de Confidentialit\u00e9 sera cr\u00e9\u00e9e, nous ajouterons un lien sur notre page d\u2019accueil, ou au minimum sur la premi\u00e8re page importante lorsque vous serez entr\u00e9 sur notre site. Notre lien de Politique de Confidentialit\u00e9 inclut le mot \u00abConfidentialit\u00e9\u00bb et peut \u00eatre rep\u00e9r\u00e9 facilement sur la page sp\u00e9cifi\u00e9e ci-dessus.<\/p>\n<p>Les utilisateurs seront avis\u00e9s de toutes modifications apport\u00e9es \u00e0 notre page de Politique de Confidentialit\u00e9.<\/p>\n<p>Les utilisateurs peuvent modifier leurs informations personnelles en nous envoyant un courriel \u00e0\u00a0<a href=\"mailto:info@littlepotatoes.com\">info@littlepotatoes.com<\/a><br \/>\n<strong>Comment notre site internet traite-t-il la fonctionnalit\u00e9 \u00abne pas me pister\u00bb?<\/strong><\/p>\n<p>Nous honorons les signaux \u00abne pas me pister\u00bb, les t\u00e9moins ou l\u2019utilisation de publicit\u00e9 lorsque le m\u00e9canisme de \u00abne pas me pister\u00bb du navigateur est en place.<\/p>\n<p><strong>Est-ce que notre site permet \u00e0 un tiers de faire un suivi comportemental?<\/strong><\/p>\n<p>C\u2019est tr\u00e8s important de prendre note que nous ne permettons pas \u00e0 un tiers de faire le suivi comportemental.<\/p>\n<p><strong>COPPA (<em>Children Online Privacy Protection Act<\/em>\u00a0\u2013 Protection de la vie priv\u00e9e des enfants en ligne)<\/strong><\/p>\n<p>Lorsque l\u2019on parle de recueillir les informations personnelles des enfants de moins de 13 ans, la loi de la Protection de la vie priv\u00e9e des enfants (COPPA) donne le contr\u00f4le aux parents. La\u00a0<em>Federal Trade Commission<\/em>, l\u2019agence nationale de protection des consommateurs met en vigueur, les r\u00e8glements de la COPPA qui stipule comment les op\u00e9rateurs de sites internet et des services en ligne doivent prot\u00e9ger la vie priv\u00e9e des enfants ainsi que la s\u00e9curit\u00e9 en ligne.<\/p>\n<p>Nous ne ciblons pas sp\u00e9cifiquement les enfants de moins de 13 ans.<\/p>\n<p><strong>Pratique \u00e9quitable d\u2019information<\/strong><\/p>\n<p>La pratique \u00e9quitable d\u2019information constitue le pivot de la loi sur la protection de la vie priv\u00e9e aux \u00c9tats-Unis et les concepts qui sont inclus ont jou\u00e9 un r\u00f4le significatif dans le d\u00e9veloppement de la protection des donn\u00e9es \u00e0 travers le globe. Afin de se conformer avec les lois diverses qui prot\u00e8gent les informations personnelles, il est crucial de comprendre les principes de la pratique \u00e9quitable d\u2019information et de mettre le tout en \u0153uvre.<\/p>\n<p><strong>Afin d\u2019\u00eatre conforme avec les Pratiques \u00e9quitables d\u2019Information, advenant une violation des donn\u00e9es nous prendrons les actions pr\u00e9ventives suivantes\u00a0:<\/strong><\/p>\n<ul>\n<li>Nous aviserons les utilisateurs par courriel en dedans de 7 jours ouvrables<\/li>\n<li>Nous aviserons les utilisateurs par notification sur le site en dedans de 7 jours ouvrables.<\/li>\n<\/ul>\n<p>Nous sommes \u00e9galement en accord avec le principe de r\u00e9paration individuelle, qui exige que les individus aient le droit de poursuivre l\u00e9galement les collecteurs de donn\u00e9es et les processeurs qui ne respecteraient pas la loi. Ce principe veut que non, seulement les individus aient des droits l\u00e9gaux contre les utilisateurs des donn\u00e9es, mais que les individus ont recours aux tribunaux ou aux agences gouvernementales, et ce afin d\u2019investiguer ou de poursuivre les processeurs de donn\u00e9es.<\/p>\n<p><strong>R\u00e8gles CAN SPAM<\/strong><\/p>\n<p>Le\u00a0<em>CAN-SPAM<\/em>\u00a0est une loi qui \u00e9tablit les exigences pour les courriels commerciaux, \u00e9tablit les exigences pour les publicit\u00e9s, donne aux r\u00e9cipients le droit d\u2019emp\u00eacher que les courriels leur soient envoy\u00e9s et \u00e9nonce les sanctions en cas de violation.<\/p>\n<p>&nbsp;<\/p>\n<p><strong>Nous\u00a0<\/strong><strong>recueillons votre adresse courriel pour\u00a0:<\/strong><\/p>\n<ul>\n<li>Vous faire parvenir des informations, r\u00e9pondre \u00e0 vos requ\u00eates ou autres types de requ\u00eates ou questions.<\/li>\n<li>Promouvoir la publicit\u00e9 cibl\u00e9e \u00e0 nos listes de distribution ou continuer d\u2019envoyer des courriels \u00e0 nos clients pour faire suite \u00e0 la transaction originale.<\/li>\n<\/ul>\n<p>&nbsp;<\/p>\n<p><strong>Afin d\u2019\u00eatre conforme avec la CANSPAM, nous acceptons de faire ce qui suit\u00a0:<\/strong><\/p>\n<ul>\n<li>NE PAS utiliser de sujets qui soient erron\u00e9s ou trompeurs ou de fausses adresses courriel.<\/li>\n<li>D\u00e9finir le message en tant que publicit\u00e9 d\u2019une mani\u00e8re raisonnable.<\/li>\n<li>Inclure l\u2019adresse postale physique de notre entreprise ou notre si\u00e8ge social.<\/li>\n<li>Surveiller les services en provenance de tiers afin d\u2019assurer la\u00a0conformit\u00e9, si un tiers est utilis\u00e9.<\/li>\n<li>Honorer les demandes de d\u00e9sabonnement et s\u2019assurer qu\u2019ils soient trait\u00e9s rapidement<\/li>\n<li>Permettre aux utilisateurs de se d\u00e9sabonner en utilisant le lien au bas de chacun des courriels.<\/li>\n<\/ul>\n<p><strong>En tout temps, vous pouvez demander de faire retirer votre nom de la liste de distribution de toute correspondance future en faisant parvenir un courriel \u00e0\u00a0info@littlepotatoes.com<\/strong><\/p>\n<ul>\n<li>Veuillez suivre les instructions au bas de chacun des courriels et nous \u00e9liminerons promptement votre nom de toute correspondance future.<\/li>\n<\/ul>\n<p>&nbsp;<\/p>\n<p><strong>Contactez-nous.<\/strong><\/p>\n<p>Pour toutes questions concernant La Politique de Confidentialit\u00e9, n\u2019h\u00e9sitez pas \u00e0 communiquer avec nous \u00e0 l\u2019adresse suivante\u00a0:<\/p>\n<p><a href=\"https:\/\/lpc-old.majortom.dev\/\" target=\"_blank\" rel=\"noopener\">www.LittlePotatoes.com<\/a><br \/>\n11749 180\u00a0 Street<br \/>\nEdmonton, AB T5S 2H6<br \/>\nCanada<br \/>\ninfo@littlepotatoes.com<\/p>\n","protected":false},"excerpt":{"rendered":"<p>Conditions et Confidentialit\u00e9 Cette politique de confidentialit\u00e9 a \u00e9t\u00e9 compil\u00e9e afin de rassurer les gens qui sont inquiets de la fa\u00e7on dont leurs informations d\u2019identifications personnelles sont utilis\u00e9es en ligne. Les informations d\u2019identification personnelles sont utilis\u00e9es aux \u00c9tats-Unis dans les lois concernant la protection de la confidentialit\u00e9 de l\u2019information. Ces informations seules ou combin\u00e9es \u00e0 [&hellip;]<\/p>\n","protected":false},"author":1,"featured_media":0,"parent":0,"menu_order":47,"comment_status":"closed","ping_status":"closed","template":"","meta":{"footnotes":""},"yst_prominent_words":[],"acf":[],"_links":{"self":[{"href":"https:\/\/lpc-old.majortom.dev\/fr\/wp-json\/wp\/v2\/pages\/5125"}],"collection":[{"href":"https:\/\/lpc-old.majortom.dev\/fr\/wp-json\/wp\/v2\/pages"}],"about":[{"href":"https:\/\/lpc-old.majortom.dev\/fr\/wp-json\/wp\/v2\/types\/page"}],"author":[{"embeddable":true,"href":"https:\/\/lpc-old.majortom.dev\/fr\/wp-json\/wp\/v2\/users\/1"}],"replies":[{"embeddable":true,"href":"https:\/\/lpc-old.majortom.dev\/fr\/wp-json\/wp\/v2\/comments?post=5125"}],"version-history":[{"count":0,"href":"https:\/\/lpc-old.majortom.dev\/fr\/wp-json\/wp\/v2\/pages\/5125\/revisions"}],"wp:attachment":[{"href":"https:\/\/lpc-old.majortom.dev\/fr\/wp-json\/wp\/v2\/media?parent=5125"}],"wp:term":[{"taxonomy":"yst_prominent_words","embeddable":true,"href":"https:\/\/lpc-old.majortom.dev\/fr\/wp-json\/wp\/v2\/yst_prominent_words?post=5125"}],"curies":[{"name":"wp","href":"https:\/\/api.w.org\/{rel}","templated":true}]}}